{"id":134,"date":"2022-05-05T21:00:54","date_gmt":"2022-05-05T21:00:54","guid":{"rendered":"https:\/\/www.lekar-horice.cz\/?page_id=134"},"modified":"2022-07-29T19:45:28","modified_gmt":"2022-07-29T19:45:28","slug":"smluvni-pojistovny","status":"publish","type":"page","link":"https:\/\/www.lekar-horice.cz\/?page_id=134","title":{"rendered":"Smluvn\u00ed poji\u0161\u0165ovny"},"content":{"rendered":"\n<p class=\"has-medium-font-size\"><strong>P\u0159ij\u00edm\u00e1me a o\u0161et\u0159ujeme pacienty v\u0161ech smluvn\u00edch poji\u0161\u0165oven:<\/strong><\/p>\n\n\n\n<p class=\"has-medium-font-size\">V\u0161eobecn\u00e1 zdravotn\u00ed poji\u0161\u0165ovna \u010cR (k\u00f3d 111)<\/p>\n\n\n\n<p class=\"has-medium-font-size\">Vojensk\u00e1 zdravotn\u00ed poji\u0161\u0165ovna \u010cR (k\u00f3d 201)<\/p>\n\n\n\n<p class=\"has-medium-font-size\">\u010cesk\u00e1 pr\u016fmyslov\u00e1 zdravotn\u00ed&nbsp;poji\u0161\u0165ovna (k\u00f3d 205)<\/p>\n\n\n\n<p class=\"has-medium-font-size\">Oborov\u00e1 zdravotn\u00ed poji\u0161\u0165ovna (k\u00f3d 207)<\/p>\n\n\n\n<p class=\"has-medium-font-size\">Zam\u011bstnaneck\u00e1 poji\u0161\u0165ovna \u0160koda (k\u00f3d 209)<\/p>\n\n\n\n<p class=\"has-medium-font-size\">Zdravotn\u00ed poji\u0161\u0165ovna ministerstva vnitra \u010cR (k\u00f3d 211)\u00a0<\/p>\n\n\n\n<p class=\"has-medium-font-size\">Poji\u0161\u0165ovna VZP a.s. (k\u00f3d 333)<\/p>\n\n\n\n<p class=\"has-medium-font-size\">Rev\u00edrn\u00ed bratrsk\u00e1 poji\u0161\u0165ovna (k\u00f3d 213)<\/p>\n\n\n\n<p class=\"has-medium-font-size\"><\/p>\n","protected":false},"excerpt":{"rendered":"<p>P\u0159ij\u00edm\u00e1me a o\u0161et\u0159ujeme pacienty v\u0161ech smluvn\u00edch poji\u0161\u0165oven: V\u0161eobecn\u00e1 zdravotn\u00ed poji\u0161\u0165ovna \u010cR (k\u00f3d 111) Vojensk\u00e1 zdravotn\u00ed poji\u0161\u0165ovna \u010cR (k\u00f3d 201) \u010cesk\u00e1 pr\u016fmyslov\u00e1 zdravotn\u00ed&nbsp;poji\u0161\u0165ovna (k\u00f3d 205) Oborov\u00e1 zdravotn\u00ed poji\u0161\u0165ovna (k\u00f3d 207) Zam\u011bstnaneck\u00e1 poji\u0161\u0165ovna \u0160koda (k\u00f3d 209) Zdravotn\u00ed poji\u0161\u0165ovna ministerstva vnitra \u010cR (k\u00f3d 211)\u00a0 Poji\u0161\u0165ovna VZP a.s. (k\u00f3d 333) Rev\u00edrn\u00ed bratrsk\u00e1 poji\u0161\u0165ovna (k\u00f3d 213)<\/p>\n","protected":false},"author":1,"featured_media":0,"parent":0,"menu_order":0,"comment_status":"closed","ping_status":"closed","template":"","meta":{"footnotes":""},"class_list":["post-134","page","type-page","status-publish","hentry"],"_links":{"self":[{"href":"https:\/\/www.lekar-horice.cz\/index.php?rest_route=\/wp\/v2\/pages\/134","targetHints":{"allow":["GET"]}}],"collection":[{"href":"https:\/\/www.lekar-horice.cz\/index.php?rest_route=\/wp\/v2\/pages"}],"about":[{"href":"https:\/\/www.lekar-horice.cz\/index.php?rest_route=\/wp\/v2\/types\/page"}],"author":[{"embeddable":true,"href":"https:\/\/www.lekar-horice.cz\/index.php?rest_route=\/wp\/v2\/users\/1"}],"replies":[{"embeddable":true,"href":"https:\/\/www.lekar-horice.cz\/index.php?rest_route=%2Fwp%2Fv2%2Fcomments&post=134"}],"version-history":[{"count":5,"href":"https:\/\/www.lekar-horice.cz\/index.php?rest_route=\/wp\/v2\/pages\/134\/revisions"}],"predecessor-version":[{"id":199,"href":"https:\/\/www.lekar-horice.cz\/index.php?rest_route=\/wp\/v2\/pages\/134\/revisions\/199"}],"wp:attachment":[{"href":"https:\/\/www.lekar-horice.cz\/index.php?rest_route=%2Fwp%2Fv2%2Fmedia&parent=134"}],"curies":[{"name":"wp","href":"https:\/\/api.w.org\/{rel}","templated":true}]}}