{"id":162,"date":"2022-06-24T15:36:04","date_gmt":"2022-06-24T15:36:04","guid":{"rendered":"https:\/\/www.lekar-horice.cz\/?page_id=162"},"modified":"2022-06-29T19:26:31","modified_gmt":"2022-06-29T19:26:31","slug":"fotogalerie","status":"publish","type":"page","link":"https:\/\/www.lekar-horice.cz\/?page_id=162","title":{"rendered":"Fotogalerie"},"content":{"rendered":"\n<figure class=\"wp-block-image size-large\"><img loading=\"lazy\" decoding=\"async\" width=\"1024\" height=\"459\" src=\"https:\/\/www.lekar-horice.cz\/wp-content\/uploads\/2022\/06\/IMG_20220616_143608-1024x459.jpg\" alt=\"\" class=\"wp-image-168\" srcset=\"https:\/\/www.lekar-horice.cz\/wp-content\/uploads\/2022\/06\/IMG_20220616_143608-1024x459.jpg 1024w, https:\/\/www.lekar-horice.cz\/wp-content\/uploads\/2022\/06\/IMG_20220616_143608-300x134.jpg 300w, https:\/\/www.lekar-horice.cz\/wp-content\/uploads\/2022\/06\/IMG_20220616_143608-768x344.jpg 768w, https:\/\/www.lekar-horice.cz\/wp-content\/uploads\/2022\/06\/IMG_20220616_143608-1536x688.jpg 1536w, https:\/\/www.lekar-horice.cz\/wp-content\/uploads\/2022\/06\/IMG_20220616_143608-2048x918.jpg 2048w, https:\/\/www.lekar-horice.cz\/wp-content\/uploads\/2022\/06\/IMG_20220616_143608-450x202.jpg 450w\" sizes=\"auto, (max-width: 1024px) 100vw, 1024px\" \/><figcaption><mark style=\"background-color:rgba(0, 0, 0, 0)\" class=\"has-inline-color has-black-color\"><strong>Pracovna l\u00e9ka\u0159e<\/strong><\/mark><\/figcaption><\/figure>\n\n\n\n<figure class=\"wp-block-image size-large\"><img loading=\"lazy\" decoding=\"async\" width=\"1024\" height=\"459\" src=\"https:\/\/www.lekar-horice.cz\/wp-content\/uploads\/2022\/06\/IMG_20220629_1605071-1024x459.jpg\" alt=\"\" class=\"wp-image-172\" srcset=\"https:\/\/www.lekar-horice.cz\/wp-content\/uploads\/2022\/06\/IMG_20220629_1605071-1024x459.jpg 1024w, https:\/\/www.lekar-horice.cz\/wp-content\/uploads\/2022\/06\/IMG_20220629_1605071-300x134.jpg 300w, https:\/\/www.lekar-horice.cz\/wp-content\/uploads\/2022\/06\/IMG_20220629_1605071-768x344.jpg 768w, https:\/\/www.lekar-horice.cz\/wp-content\/uploads\/2022\/06\/IMG_20220629_1605071-1536x688.jpg 1536w, https:\/\/www.lekar-horice.cz\/wp-content\/uploads\/2022\/06\/IMG_20220629_1605071-2048x918.jpg 2048w, https:\/\/www.lekar-horice.cz\/wp-content\/uploads\/2022\/06\/IMG_20220629_1605071-450x202.jpg 450w\" sizes=\"auto, (max-width: 1024px) 100vw, 1024px\" \/><figcaption><strong>Pracovna sestry<\/strong><\/figcaption><\/figure>\n\n\n\n<figure class=\"wp-block-image size-large\"><img loading=\"lazy\" decoding=\"async\" width=\"1024\" height=\"459\" src=\"https:\/\/www.lekar-horice.cz\/wp-content\/uploads\/2022\/06\/IMG_20220602_141221-1024x459.jpg\" alt=\"\" class=\"wp-image-169\" srcset=\"https:\/\/www.lekar-horice.cz\/wp-content\/uploads\/2022\/06\/IMG_20220602_141221-1024x459.jpg 1024w, https:\/\/www.lekar-horice.cz\/wp-content\/uploads\/2022\/06\/IMG_20220602_141221-300x134.jpg 300w, https:\/\/www.lekar-horice.cz\/wp-content\/uploads\/2022\/06\/IMG_20220602_141221-768x344.jpg 768w, https:\/\/www.lekar-horice.cz\/wp-content\/uploads\/2022\/06\/IMG_20220602_141221-1536x688.jpg 1536w, https:\/\/www.lekar-horice.cz\/wp-content\/uploads\/2022\/06\/IMG_20220602_141221-2048x918.jpg 2048w, https:\/\/www.lekar-horice.cz\/wp-content\/uploads\/2022\/06\/IMG_20220602_141221-450x202.jpg 450w\" sizes=\"auto, (max-width: 1024px) 100vw, 1024px\" \/><\/figure>\n\n\n\n<figure class=\"wp-block-image size-large\"><img loading=\"lazy\" decoding=\"async\" width=\"1024\" height=\"459\" src=\"https:\/\/www.lekar-horice.cz\/wp-content\/uploads\/2022\/06\/IMG_20220616_144033-1024x459.jpg\" alt=\"\" class=\"wp-image-170\" srcset=\"https:\/\/www.lekar-horice.cz\/wp-content\/uploads\/2022\/06\/IMG_20220616_144033-1024x459.jpg 1024w, https:\/\/www.lekar-horice.cz\/wp-content\/uploads\/2022\/06\/IMG_20220616_144033-300x134.jpg 300w, https:\/\/www.lekar-horice.cz\/wp-content\/uploads\/2022\/06\/IMG_20220616_144033-768x344.jpg 768w, https:\/\/www.lekar-horice.cz\/wp-content\/uploads\/2022\/06\/IMG_20220616_144033-1536x688.jpg 1536w, https:\/\/www.lekar-horice.cz\/wp-content\/uploads\/2022\/06\/IMG_20220616_144033-2048x918.jpg 2048w, https:\/\/www.lekar-horice.cz\/wp-content\/uploads\/2022\/06\/IMG_20220616_144033-450x202.jpg 450w\" sizes=\"auto, (max-width: 1024px) 100vw, 1024px\" \/><figcaption><mark style=\"background-color:rgba(0, 0, 0, 0)\" class=\"has-inline-color has-black-color\"><strong>\u010cek\u00e1rna (spole\u010dn\u00e1 s ORL ambulanc\u00ed)<\/strong><\/mark><\/figcaption><\/figure>\n","protected":false},"excerpt":{"rendered":"","protected":false},"author":1,"featured_media":0,"parent":0,"menu_order":0,"comment_status":"closed","ping_status":"closed","template":"","meta":{"footnotes":""},"class_list":["post-162","page","type-page","status-publish","hentry"],"_links":{"self":[{"href":"https:\/\/www.lekar-horice.cz\/index.php?rest_route=\/wp\/v2\/pages\/162","targetHints":{"allow":["GET"]}}],"collection":[{"href":"https:\/\/www.lekar-horice.cz\/index.php?rest_route=\/wp\/v2\/pages"}],"about":[{"href":"https:\/\/www.lekar-horice.cz\/index.php?rest_route=\/wp\/v2\/types\/page"}],"author":[{"embeddable":true,"href":"https:\/\/www.lekar-horice.cz\/index.php?rest_route=\/wp\/v2\/users\/1"}],"replies":[{"embeddable":true,"href":"https:\/\/www.lekar-horice.cz\/index.php?rest_route=%2Fwp%2Fv2%2Fcomments&post=162"}],"version-history":[{"count":4,"href":"https:\/\/www.lekar-horice.cz\/index.php?rest_route=\/wp\/v2\/pages\/162\/revisions"}],"predecessor-version":[{"id":175,"href":"https:\/\/www.lekar-horice.cz\/index.php?rest_route=\/wp\/v2\/pages\/162\/revisions\/175"}],"wp:attachment":[{"href":"https:\/\/www.lekar-horice.cz\/index.php?rest_route=%2Fwp%2Fv2%2Fmedia&parent=162"}],"curies":[{"name":"wp","href":"https:\/\/api.w.org\/{rel}","templated":true}]}}