{"id":2,"date":"2022-04-07T11:58:29","date_gmt":"2022-04-07T11:58:29","guid":{"rendered":"http:\/\/localhost\/wp\/?page_id=2"},"modified":"2026-04-20T16:55:08","modified_gmt":"2026-04-20T16:55:08","slug":"sample-page","status":"publish","type":"page","link":"https:\/\/www.lekar-horice.cz\/","title":{"rendered":"<strong>Ambulance v\u0161eobecn\u00e9ho praktick\u00e9ho l\u00e9ka\u0159e<\/strong>"},"content":{"rendered":"\n<p class=\"has-large-font-size\"><strong>Nep\u0159\u00edtomnosti<\/strong>:<\/p>\n\n\n\n<p class=\"has-large-font-size\">Nep\u0159\u00edtomnost 21.4.2026 &#8211; z\u00e1stup\u00a0MUDr. Kvasni\u010dkov\u00e1,\u00a0I\u010cZ:\u00a063616000,\u00a0Janderova 418, 508 01 Ho\u0159ice v Podkrkono\u0161\u00ed tel: 493 622 156<\/p>\n\n\n\n<p class=\"has-medium-font-size\"><\/p>\n\n\n\n<p class=\"has-medium-font-size\"><\/p>\n\n\n\n<p><\/p>\n\n\n\n<p>Registrace k o\u010dkov\u00e1n\u00ed pomoc\u00ed Google Formul\u00e1\u0159e: <\/p>\n\n\n\n<p><a href=\"https:\/\/docs.google.com\/forms\/d\/1L_-EqzIBjoTTw2NwBdxCOX5IPMQJnqFZnuRnNUZWmc4\">https:\/\/docs.google.com\/forms\/d\/1L_-EqzIBjoTTw2NwBdxCOX5IPMQJnqFZnuRnNUZWmc4<\/a><\/p>\n\n\n\n<p><\/p>\n\n\n\n<p><\/p>\n\n\n\n<p class=\"has-medium-font-size\"><strong>Adresa: Riegrova 2108, 508 01 Ho\u0159ice <\/strong><\/p>\n\n\n\n<p><\/p>\n\n\n\n<p class=\"has-large-font-size\"><strong>Ordina\u010dn\u00ed doba<\/strong><\/p>\n\n\n\n<figure class=\"wp-block-table\"><table><tbody><tr><td class=\"has-text-align-center\" data-align=\"center\">&nbsp;<\/td><td class=\"has-text-align-center\" data-align=\"center\"><strong>7:30 \u2013 8:00<\/strong><\/td><td><strong>8:00 \u2013 8:30<\/strong><\/td><td><strong>8:30 \u2013 10:30<\/strong><\/td><td><strong>10:30 \u2013 12:30<\/strong><\/td><td><strong>13:00 \u2013 18:00<\/strong><\/td><\/tr><tr><td class=\"has-text-align-center\" data-align=\"center\"><u><strong>Pond\u011bl\u00ed<\/strong><\/u><\/td><td class=\"has-text-align-center\" data-align=\"center\">Odb\u011bry krve<\/td><td>Pouze objednan\u00ed<\/td><td>Akutn\u00ed\/nemocn\u00ed<br>Bez objedn\u00e1n\u00ed<\/td><td>Pouze objednan\u00ed<\/td><td>Pouze objednan\u00ed<\/td><\/tr><tr><td class=\"has-text-align-center\" data-align=\"center\"><strong><u>\u00dater\u00fd<\/u><\/strong><\/td><td class=\"has-text-align-center\" data-align=\"center\">Odb\u011bry krve<\/td><td>Pouze objednan\u00ed<\/td><td>Akutn\u00ed\/nemocn\u00ed<br>Bez objedn\u00e1n\u00ed<\/td><td>Pouze objednan\u00ed<\/td><td>N\u00e1v\u0161t\u011bvn\u00ed slu\u017eba<\/td><\/tr><tr><td class=\"has-text-align-center\" data-align=\"center\"><u><strong>St\u0159eda<\/strong><\/u><\/td><td class=\"has-text-align-center\" data-align=\"center\">Odb\u011bry krve<\/td><td>Pouze objednan\u00ed<\/td><td>Akutn\u00ed\/nemocn\u00ed<br>Bez objedn\u00e1n\u00ed<\/td><td>Pouze objednan\u00ed<\/td><td>N\u00e1v\u0161t\u011bvn\u00ed slu\u017eba<\/td><\/tr><tr><td class=\"has-text-align-center\" data-align=\"center\"><u><strong>\u010ctvrtek<\/strong><\/u><\/td><td class=\"has-text-align-center\" data-align=\"center\">Odb\u011bry krve<\/td><td>Pouze objednan\u00ed<\/td><td>Akutn\u00ed\/nemocn\u00ed<br>Bez objedn\u00e1n\u00ed<\/td><td>Pouze objednan\u00ed<\/td><td>N\u00e1v\u0161t\u011bvn\u00ed slu\u017eba<\/td><\/tr><tr><td class=\"has-text-align-center\" data-align=\"center\"><u><strong>P\u00e1tek<\/strong><\/u><\/td><td class=\"has-text-align-center\" data-align=\"center\">Odb\u011bry krve<\/td><td>Pouze objednan\u00ed<\/td><td>Akutn\u00ed\/nemocn\u00ed<br>Bez objedn\u00e1n\u00ed<\/td><td>Pouze objednan\u00ed<\/td><td>N\u00e1v\u0161t\u011bvn\u00ed slu\u017eba<\/td><\/tr><\/tbody><\/table><\/figure>\n\n\n\n<p><strong>Poledn\u00ed p\u0159est\u00e1vka 12:30 \u2013 13:00<\/strong><\/p>\n\n\n\n<p><\/p>\n","protected":false},"excerpt":{"rendered":"<p>Nep\u0159\u00edtomnosti: Nep\u0159\u00edtomnost 21.4.2026 &#8211; z\u00e1stup\u00a0MUDr. Kvasni\u010dkov\u00e1,\u00a0I\u010cZ:\u00a063616000,\u00a0Janderova 418, 508 01 Ho\u0159ice v Podkrkono\u0161\u00ed tel: 493 622 156 Registrace k o\u010dkov\u00e1n\u00ed pomoc\u00ed Google Formul\u00e1\u0159e: https:\/\/docs.google.com\/forms\/d\/1L_-EqzIBjoTTw2NwBdxCOX5IPMQJnqFZnuRnNUZWmc4 Adresa: Riegrova 2108, 508 01 Ho\u0159ice Ordina\u010dn\u00ed doba &nbsp; 7:30 \u2013 8:00 8:00 \u2013 8:30 8:30 \u2013 10:30 10:30 \u2013 12:30 13:00 \u2013 18:00 Pond\u011bl\u00ed Odb\u011bry krve Pouze objednan\u00ed Akutn\u00ed\/nemocn\u00edBez objedn\u00e1n\u00ed Pouze [&hellip;]<\/p>\n","protected":false},"author":1,"featured_media":108,"parent":0,"menu_order":0,"comment_status":"closed","ping_status":"closed","template":"","meta":{"footnotes":""},"class_list":["post-2","page","type-page","status-publish","has-post-thumbnail","hentry"],"_links":{"self":[{"href":"https:\/\/www.lekar-horice.cz\/index.php?rest_route=\/wp\/v2\/pages\/2","targetHints":{"allow":["GET"]}}],"collection":[{"href":"https:\/\/www.lekar-horice.cz\/index.php?rest_route=\/wp\/v2\/pages"}],"about":[{"href":"https:\/\/www.lekar-horice.cz\/index.php?rest_route=\/wp\/v2\/types\/page"}],"author":[{"embeddable":true,"href":"https:\/\/www.lekar-horice.cz\/index.php?rest_route=\/wp\/v2\/users\/1"}],"replies":[{"embeddable":true,"href":"https:\/\/www.lekar-horice.cz\/index.php?rest_route=%2Fwp%2Fv2%2Fcomments&post=2"}],"version-history":[{"count":60,"href":"https:\/\/www.lekar-horice.cz\/index.php?rest_route=\/wp\/v2\/pages\/2\/revisions"}],"predecessor-version":[{"id":365,"href":"https:\/\/www.lekar-horice.cz\/index.php?rest_route=\/wp\/v2\/pages\/2\/revisions\/365"}],"wp:featuredmedia":[{"embeddable":true,"href":"https:\/\/www.lekar-horice.cz\/index.php?rest_route=\/wp\/v2\/media\/108"}],"wp:attachment":[{"href":"https:\/\/www.lekar-horice.cz\/index.php?rest_route=%2Fwp%2Fv2%2Fmedia&parent=2"}],"curies":[{"name":"wp","href":"https:\/\/api.w.org\/{rel}","templated":true}]}}