{"id":31,"date":"2022-05-03T20:10:05","date_gmt":"2022-05-03T20:10:05","guid":{"rendered":"https:\/\/www.lekar-horice.cz\/?page_id=31"},"modified":"2022-05-05T19:47:03","modified_gmt":"2022-05-05T19:47:03","slug":"poskytovana-pece","status":"publish","type":"page","link":"https:\/\/www.lekar-horice.cz\/?page_id=31","title":{"rendered":"Poskytovan\u00e1 p\u00e9\u010de"},"content":{"rendered":"\n<p><strong>Pravideln\u00e9 preventivn\u00ed prohl\u00eddky<\/strong><\/p>\n\n\n\n<p><strong>Kompletn\u00ed p\u0159edopera\u010dn\u00ed vy\u0161et\u0159en\u00ed<\/strong><\/p>\n\n\n\n<p><strong>Vy\u0161et\u0159en\u00ed z\u00e1n\u011btliv\u00e9 aktivity v t\u011ble (CRP)<\/strong><\/p>\n\n\n\n<p><strong>Kontrola antikoagula\u010dn\u00ed l\u00e9\u010dby \u2013 stanoven\u00ed INR<\/strong><\/p>\n\n\n\n<p><strong>Vy\u0161et\u0159en\u00ed stolice na skryt\u00e9 krv\u00e1cen\u00ed v r\u00e1mci prevence rakoviny tlust\u00e9ho st\u0159eva<\/strong><\/p>\n\n\n\n<p><strong>Sledov\u00e1n\u00ed a edukace diabetik\u016f v nekomplikovan\u00e9m stadiu onemocn\u011bn\u00ed<\/strong><\/p>\n\n\n\n<p><strong>Vy\u0161et\u0159en\u00ed EKG<\/strong><\/p>\n\n\n\n<p><strong>Stanoven\u00ed okysli\u010den\u00ed krve pulzn\u00edm oxymetrem<\/strong><\/p>\n\n\n\n<p><strong>Odb\u011bry krve a jin\u00e9ho biologick\u00e9ho materi\u00e1lu p\u0159\u00edmo v ordinaci<\/strong><\/p>\n\n\n\n<p><strong>Aplikace injekc\u00ed<\/strong><\/p>\n\n\n\n<p><strong>Aplikace o\u010dkov\u00e1n\u00ed v\u010detn\u011b zaji\u0161t\u011bn\u00ed o\u010dkovac\u00edch l\u00e1tek<\/strong><\/p>\n\n\n\n<p><strong>Drobn\u00e9 chirurgick\u00e9 v\u00fdkony \u2013 odstran\u011bn\u00ed steh\u016f, p\u0159evazy ran<\/strong><\/p>\n\n\n\n<p><strong>\u0160irok\u00e1 paleta administrativn\u00edch \u00fakon\u016f<\/strong>:<\/p>\n\n\n\n<ul class=\"wp-block-list\"><li><strong>potvrzen\u00ed k \u0159idi\u010dsk\u00e9mu pr\u016fkazu<\/strong><\/li><li><strong>potvrzen\u00ed ke zbrojn\u00edmu pr\u016fkazu<\/strong><\/li><li><strong>potvrzen\u00ed ke studiu<\/strong><\/li><li><strong>vystaven\u00ed zdravotn\u00edho \u201epotravin\u00e1\u0159sk\u00e9ho\u201c pr\u016fkazu<\/strong><\/li><li><strong>vypl\u0148ov\u00e1n\u00ed pojistn\u00fdch ud\u00e1lost\u00ed<\/strong><\/li><li><strong>a dal\u0161\u00ed l\u00e9ka\u0159sk\u00e1 potvrzen\u00ed<\/strong><\/li><\/ul>\n","protected":false},"excerpt":{"rendered":"<p>Pravideln\u00e9 preventivn\u00ed prohl\u00eddky Kompletn\u00ed p\u0159edopera\u010dn\u00ed vy\u0161et\u0159en\u00ed Vy\u0161et\u0159en\u00ed z\u00e1n\u011btliv\u00e9 aktivity v t\u011ble (CRP) Kontrola antikoagula\u010dn\u00ed l\u00e9\u010dby \u2013 stanoven\u00ed INR Vy\u0161et\u0159en\u00ed stolice na skryt\u00e9 krv\u00e1cen\u00ed v r\u00e1mci prevence rakoviny tlust\u00e9ho st\u0159eva Sledov\u00e1n\u00ed a edukace diabetik\u016f v nekomplikovan\u00e9m stadiu onemocn\u011bn\u00ed Vy\u0161et\u0159en\u00ed EKG Stanoven\u00ed okysli\u010den\u00ed krve pulzn\u00edm oxymetrem Odb\u011bry krve a jin\u00e9ho biologick\u00e9ho materi\u00e1lu p\u0159\u00edmo v ordinaci Aplikace injekc\u00ed [&hellip;]<\/p>\n","protected":false},"author":1,"featured_media":0,"parent":0,"menu_order":0,"comment_status":"closed","ping_status":"closed","template":"","meta":{"footnotes":""},"class_list":["post-31","page","type-page","status-publish","hentry"],"_links":{"self":[{"href":"https:\/\/www.lekar-horice.cz\/index.php?rest_route=\/wp\/v2\/pages\/31","targetHints":{"allow":["GET"]}}],"collection":[{"href":"https:\/\/www.lekar-horice.cz\/index.php?rest_route=\/wp\/v2\/pages"}],"about":[{"href":"https:\/\/www.lekar-horice.cz\/index.php?rest_route=\/wp\/v2\/types\/page"}],"author":[{"embeddable":true,"href":"https:\/\/www.lekar-horice.cz\/index.php?rest_route=\/wp\/v2\/users\/1"}],"replies":[{"embeddable":true,"href":"https:\/\/www.lekar-horice.cz\/index.php?rest_route=%2Fwp%2Fv2%2Fcomments&post=31"}],"version-history":[{"count":9,"href":"https:\/\/www.lekar-horice.cz\/index.php?rest_route=\/wp\/v2\/pages\/31\/revisions"}],"predecessor-version":[{"id":120,"href":"https:\/\/www.lekar-horice.cz\/index.php?rest_route=\/wp\/v2\/pages\/31\/revisions\/120"}],"wp:attachment":[{"href":"https:\/\/www.lekar-horice.cz\/index.php?rest_route=%2Fwp%2Fv2%2Fmedia&parent=31"}],"curies":[{"name":"wp","href":"https:\/\/api.w.org\/{rel}","templated":true}]}}