{"id":33,"date":"2022-05-03T20:10:05","date_gmt":"2022-05-03T20:10:05","guid":{"rendered":"https:\/\/www.lekar-horice.cz\/?page_id=33"},"modified":"2024-04-01T14:09:45","modified_gmt":"2024-04-01T14:09:45","slug":"cenik","status":"publish","type":"page","link":"https:\/\/www.lekar-horice.cz\/?page_id=33","title":{"rendered":"Cen\u00edk"},"content":{"rendered":"\n<p class=\"has-text-align-center has-medium-font-size\"><strong>Cen\u00edk v\u00fdkon\u016f nehrazen\u00fdch v r\u00e1mci zdravotn\u00edho poji\u0161t\u011bn\u00ed platn\u00fd od 1.4.2024<\/strong><\/p>\n\n\n\n<figure class=\"wp-block-table\"><table><tbody><tr><td><strong>Vstupn\u00ed, periodick\u00e1 a v\u00fdstupn\u00ed prohl\u00eddka l\u00e9\u010debn\u011b preventivn\u00ed p\u00e9\u010de<\/strong><\/td><td class=\"has-text-align-center\" data-align=\"center\"><strong>600 K\u010d<\/strong><\/td><\/tr><tr><td><strong>Vy\u0161et\u0159en\u00ed zp\u016fsobilosti k&nbsp;\u0159\u00edzen\u00ed motorov\u00fdch vozidel<\/strong><\/td><td class=\"has-text-align-center\" data-align=\"center\"><strong>500 K\u010d<\/strong><\/td><\/tr><tr><td><strong>Vy\u0161et\u0159en\u00ed zp\u016fsobilosti k&nbsp;\u0159\u00edzen\u00ed motorov\u00fdch vozidel po 65. roce<\/strong><\/td><td class=\"has-text-align-center\" data-align=\"center\"><strong>300 K\u010d<\/strong><\/td><\/tr><tr><td><strong>Vy\u0161et\u0159en\u00ed zp\u016fsobilosti pro dr\u017een\u00ed st\u0159eln\u00fdch zbran\u00ed<\/strong><\/td><td class=\"has-text-align-center\" data-align=\"center\"><strong>600 K\u010d<\/strong><\/td><\/tr><tr><td><strong>Vy\u0161et\u0159en\u00ed pro profesn\u00ed pr\u016fkazy (elektro vyhl\u00e1\u0161ka, sva\u0159ov\u00e1n\u00ed, \u0159idi\u010di z&nbsp;povol\u00e1n\u00ed&#8230;)<\/strong><\/td><td class=\"has-text-align-center\" data-align=\"center\"><strong>500 K\u010d<\/strong><\/td><\/tr><tr><td><strong>Vy\u0161et\u0159en\u00ed pro zdravotn\u00ed pr\u016fkaz<\/strong><\/td><td class=\"has-text-align-center\" data-align=\"center\"><strong>300 K\u010d<\/strong><\/td><\/tr><tr><td><strong>V\u00fdpis ze zdravotn\u00ed dokumentace<\/strong><\/td><td class=\"has-text-align-center\" data-align=\"center\"><strong>300 K\u010d<\/strong><\/td><\/tr><tr><td><strong>Administrativn\u00ed v\u00fdkon l\u00e9ka\u0159e<\/strong><\/td><td class=\"has-text-align-center\" data-align=\"center\"><strong>200 K\u010d<\/strong><\/td><\/tr><tr><td><strong>Zpr\u00e1va o pracovn\u00edm \u00farazu poji\u0161\u0165ovn\u011b v\u010detn\u011b bodov\u00e9ho ohodnocen\u00ed<\/strong><\/td><td class=\"has-text-align-center\" data-align=\"center\"><strong>700 K\u010d<\/strong><\/td><\/tr><tr><td><strong>Aplikace o\u010dkovac\u00ed l\u00e1tky (mimo hrazen\u00e9 z&nbsp;prost\u0159edk\u016f ZP)<\/strong><\/td><td class=\"has-text-align-center\" data-align=\"center\"><strong>200 K\u010d<\/strong><\/td><\/tr><tr><td><strong>\u017d\u00e1dost do domova d\u016fchodc\u016f<\/strong><\/td><td class=\"has-text-align-center\" data-align=\"center\"><strong>3<\/strong><strong>00 K\u010d<\/strong><\/td><\/tr><tr><td><strong>Vy\u0161et\u0159en\u00ed pro sportovn\u00ed \u010dinnost<\/strong><\/td><td class=\"has-text-align-center\" data-align=\"center\"><strong>400 K\u010d<\/strong><\/td><\/tr><tr><td><strong>Potvrzen\u00ed o zdravotn\u00ed zp\u016fsobilosti ke studiu<\/strong><\/td><td class=\"has-text-align-center\" data-align=\"center\"><strong>200 K\u010d<\/strong><\/td><\/tr><tr><td><strong>Vy\u0161et\u0159en\u00ed na krv\u00e1cen\u00ed do stolice na vlastn\u00ed \u017e\u00e1dost mimo term\u00edny hrazen\u00e9 poji\u0161\u0165ovnou<\/strong><\/td><td class=\"has-text-align-center\" data-align=\"center\"><strong>500 K\u010d<\/strong><\/td><\/tr><tr><td><strong>Proveden\u00ed Streptestu A na \u017e\u00e1dost pacienta<\/strong><\/td><td class=\"has-text-align-center\" data-align=\"center\"><strong>200 K\u010d<\/strong><\/td><\/tr><tr><td><strong>Kopie zdravotnick\u00e9 dokumentace pro nel\u00e9ka\u0159sk\u00e9 \u00fa\u010dely<\/strong><\/td><td class=\"has-text-align-center\" data-align=\"center\"><strong>7K\u010d \/ str\u00e1nka<\/strong><\/td><\/tr><\/tbody><\/table><\/figure>\n","protected":false},"excerpt":{"rendered":"<p>Cen\u00edk v\u00fdkon\u016f nehrazen\u00fdch v r\u00e1mci zdravotn\u00edho poji\u0161t\u011bn\u00ed platn\u00fd od 1.4.2024 Vstupn\u00ed, periodick\u00e1 a v\u00fdstupn\u00ed prohl\u00eddka l\u00e9\u010debn\u011b preventivn\u00ed p\u00e9\u010de 600 K\u010d Vy\u0161et\u0159en\u00ed zp\u016fsobilosti k&nbsp;\u0159\u00edzen\u00ed motorov\u00fdch vozidel 500 K\u010d Vy\u0161et\u0159en\u00ed zp\u016fsobilosti k&nbsp;\u0159\u00edzen\u00ed motorov\u00fdch vozidel po 65. roce 300 K\u010d Vy\u0161et\u0159en\u00ed zp\u016fsobilosti pro dr\u017een\u00ed st\u0159eln\u00fdch zbran\u00ed 600 K\u010d Vy\u0161et\u0159en\u00ed pro profesn\u00ed pr\u016fkazy (elektro vyhl\u00e1\u0161ka, sva\u0159ov\u00e1n\u00ed, \u0159idi\u010di z&nbsp;povol\u00e1n\u00ed&#8230;) 500 [&hellip;]<\/p>\n","protected":false},"author":1,"featured_media":0,"parent":0,"menu_order":0,"comment_status":"closed","ping_status":"closed","template":"","meta":{"footnotes":""},"class_list":["post-33","page","type-page","status-publish","hentry"],"_links":{"self":[{"href":"https:\/\/www.lekar-horice.cz\/index.php?rest_route=\/wp\/v2\/pages\/33","targetHints":{"allow":["GET"]}}],"collection":[{"href":"https:\/\/www.lekar-horice.cz\/index.php?rest_route=\/wp\/v2\/pages"}],"about":[{"href":"https:\/\/www.lekar-horice.cz\/index.php?rest_route=\/wp\/v2\/types\/page"}],"author":[{"embeddable":true,"href":"https:\/\/www.lekar-horice.cz\/index.php?rest_route=\/wp\/v2\/users\/1"}],"replies":[{"embeddable":true,"href":"https:\/\/www.lekar-horice.cz\/index.php?rest_route=%2Fwp%2Fv2%2Fcomments&post=33"}],"version-history":[{"count":7,"href":"https:\/\/www.lekar-horice.cz\/index.php?rest_route=\/wp\/v2\/pages\/33\/revisions"}],"predecessor-version":[{"id":315,"href":"https:\/\/www.lekar-horice.cz\/index.php?rest_route=\/wp\/v2\/pages\/33\/revisions\/315"}],"wp:attachment":[{"href":"https:\/\/www.lekar-horice.cz\/index.php?rest_route=%2Fwp%2Fv2%2Fmedia&parent=33"}],"curies":[{"name":"wp","href":"https:\/\/api.w.org\/{rel}","templated":true}]}}