{"id":34,"date":"2022-05-03T20:10:05","date_gmt":"2022-05-03T20:10:05","guid":{"rendered":"https:\/\/www.lekar-horice.cz\/?page_id=34"},"modified":"2023-01-19T17:52:07","modified_gmt":"2023-01-19T17:52:07","slug":"registrace","status":"publish","type":"page","link":"https:\/\/www.lekar-horice.cz\/?page_id=34","title":{"rendered":"Registrace"},"content":{"rendered":"\n<p class=\"has-text-align-center has-large-font-size\">Z\u00e1jemci o registraci, pros\u00edm, kontaktujte n\u00e1s v b\u011b\u017en\u00fdch ordina\u010dn\u00edch hodin\u00e1ch na telefonn\u00edm \u010d\u00edsle <strong>+420 720 047 478<\/strong> nebo na <strong>E-mail: lekar-horice@outlook.cz<\/strong>.<\/p>\n\n\n\n<p class=\"has-medium-font-size\"><\/p>\n\n\n\n<p class=\"has-medium-font-size\"><\/p>\n\n\n\n<p class=\"has-medium-font-size\"><strong><br><\/strong><\/p>\n\n\n\n<p><\/p>\n","protected":false},"excerpt":{"rendered":"<p>Z\u00e1jemci o registraci, pros\u00edm, kontaktujte n\u00e1s v b\u011b\u017en\u00fdch ordina\u010dn\u00edch hodin\u00e1ch na telefonn\u00edm \u010d\u00edsle +420 720 047 478 nebo na E-mail: lekar-horice@outlook.cz.<\/p>\n","protected":false},"author":1,"featured_media":0,"parent":0,"menu_order":0,"comment_status":"closed","ping_status":"closed","template":"","meta":{"footnotes":""},"class_list":["post-34","page","type-page","status-publish","hentry"],"_links":{"self":[{"href":"https:\/\/www.lekar-horice.cz\/index.php?rest_route=\/wp\/v2\/pages\/34","targetHints":{"allow":["GET"]}}],"collection":[{"href":"https:\/\/www.lekar-horice.cz\/index.php?rest_route=\/wp\/v2\/pages"}],"about":[{"href":"https:\/\/www.lekar-horice.cz\/index.php?rest_route=\/wp\/v2\/types\/page"}],"author":[{"embeddable":true,"href":"https:\/\/www.lekar-horice.cz\/index.php?rest_route=\/wp\/v2\/users\/1"}],"replies":[{"embeddable":true,"href":"https:\/\/www.lekar-horice.cz\/index.php?rest_route=%2Fwp%2Fv2%2Fcomments&post=34"}],"version-history":[{"count":11,"href":"https:\/\/www.lekar-horice.cz\/index.php?rest_route=\/wp\/v2\/pages\/34\/revisions"}],"predecessor-version":[{"id":259,"href":"https:\/\/www.lekar-horice.cz\/index.php?rest_route=\/wp\/v2\/pages\/34\/revisions\/259"}],"wp:attachment":[{"href":"https:\/\/www.lekar-horice.cz\/index.php?rest_route=%2Fwp%2Fv2%2Fmedia&parent=34"}],"curies":[{"name":"wp","href":"https:\/\/api.w.org\/{rel}","templated":true}]}}