{"id":35,"date":"2022-05-03T20:10:05","date_gmt":"2022-05-03T20:10:05","guid":{"rendered":"https:\/\/www.lekar-horice.cz\/?page_id=35"},"modified":"2023-04-09T12:55:05","modified_gmt":"2023-04-09T12:55:05","slug":"kontakty","status":"publish","type":"page","link":"https:\/\/www.lekar-horice.cz\/?page_id=35","title":{"rendered":"Kontakt"},"content":{"rendered":"\n<p class=\"has-medium-font-size\"><strong>MUDr. \u0160pli\u0148o Filip<\/strong><\/p>\n\n\n\n<p>I\u010cO: 14252261 <\/p>\n\n\n\n<p>I\u010cP, I\u010cZ: 63287000<\/p>\n\n\n\n<p>Zdravotn\u00ed sestra: Petra Kol\u00e1\u0159ov\u00e1<\/p>\n\n\n\n<p class=\"has-medium-font-size\"><strong>Adresa: Riegrova 2108, 508 01 Ho\u0159ice <\/strong><\/p>\n\n\n\n<p><a href=\"https:\/\/en.mapy.cz\/zakladni?x=15.6379103&amp;y=50.3693326&amp;z=17&amp;q=Riegrova%202108&amp;source=addr&amp;id=10705229\">https:\/\/en.mapy.cz\/zakladni?x=15.6379103&amp;y=50.3693326&amp;z=17&amp;q=Riegrova%202108&amp;source=addr&amp;id=10705229<\/a><\/p>\n\n\n\n<p><\/p>\n\n\n\n<p class=\"has-medium-font-size\"><strong>E-mail: lekar-horice@outlook.cz<\/strong><\/p>\n\n\n\n<p><\/p>\n\n\n\n<p class=\"has-medium-font-size\"><strong>Telefon: +420 720 047 478<\/strong><\/p>\n\n\n\n<p><\/p>\n","protected":false},"excerpt":{"rendered":"<p>MUDr. \u0160pli\u0148o Filip I\u010cO: 14252261 I\u010cP, I\u010cZ: 63287000 Zdravotn\u00ed sestra: Petra Kol\u00e1\u0159ov\u00e1 Adresa: Riegrova 2108, 508 01 Ho\u0159ice https:\/\/en.mapy.cz\/zakladni?x=15.6379103&amp;y=50.3693326&amp;z=17&amp;q=Riegrova%202108&amp;source=addr&amp;id=10705229 E-mail: lekar-horice@outlook.cz Telefon: +420 720 047 478<\/p>\n","protected":false},"author":1,"featured_media":0,"parent":0,"menu_order":0,"comment_status":"closed","ping_status":"closed","template":"","meta":{"footnotes":""},"class_list":["post-35","page","type-page","status-publish","hentry"],"_links":{"self":[{"href":"https:\/\/www.lekar-horice.cz\/index.php?rest_route=\/wp\/v2\/pages\/35","targetHints":{"allow":["GET"]}}],"collection":[{"href":"https:\/\/www.lekar-horice.cz\/index.php?rest_route=\/wp\/v2\/pages"}],"about":[{"href":"https:\/\/www.lekar-horice.cz\/index.php?rest_route=\/wp\/v2\/types\/page"}],"author":[{"embeddable":true,"href":"https:\/\/www.lekar-horice.cz\/index.php?rest_route=\/wp\/v2\/users\/1"}],"replies":[{"embeddable":true,"href":"https:\/\/www.lekar-horice.cz\/index.php?rest_route=%2Fwp%2Fv2%2Fcomments&post=35"}],"version-history":[{"count":8,"href":"https:\/\/www.lekar-horice.cz\/index.php?rest_route=\/wp\/v2\/pages\/35\/revisions"}],"predecessor-version":[{"id":282,"href":"https:\/\/www.lekar-horice.cz\/index.php?rest_route=\/wp\/v2\/pages\/35\/revisions\/282"}],"wp:attachment":[{"href":"https:\/\/www.lekar-horice.cz\/index.php?rest_route=%2Fwp%2Fv2%2Fmedia&parent=35"}],"curies":[{"name":"wp","href":"https:\/\/api.w.org\/{rel}","templated":true}]}}