{"id":93,"date":"2022-05-05T15:24:12","date_gmt":"2022-05-05T15:24:12","guid":{"rendered":"https:\/\/www.lekar-horice.cz\/?page_id=93"},"modified":"2023-04-09T13:01:09","modified_gmt":"2023-04-09T13:01:09","slug":"aktualne","status":"publish","type":"page","link":"https:\/\/www.lekar-horice.cz\/?page_id=93","title":{"rendered":"Aktu\u00e1ln\u011b"},"content":{"rendered":"\n<p>Nep\u0159\u00edtomnosti:<\/p>\n\n\n\n<p><\/p>\n\n\n\n<ul class=\"wp-block-list\">\n<li>25. 4. 2023 &#8211; Vzd\u011bl\u00e1vac\u00ed akce<\/li>\n\n\n\n<li>26. 5. 2023 &#8211; Vzd\u011bl\u00e1vac\u00ed akce<\/li>\n\n\n\n<li>21. 6. 2023 &#8211; Dovolen\u00e1<\/li>\n<\/ul>\n\n\n\n<p>Zastupuje Dr. Andr\u00fdsov\u00e1 &#8211; Ostrom\u011b\u0159 (T. G. Masaryka 265) Tel. 607 076 480<\/p>\n\n\n\n<p><\/p>\n\n\n\n<p class=\"has-text-align-left has-large-font-size\">V na\u0161\u00ed ordinaci o\u010dkujeme proti kl\u00ed\u0161\u0165ov\u00e9 encefalitid\u011b. Pro klienty nad 50 let je toto o\u010dkov\u00e1n\u00ed ZDARMA (pln\u011b hrazeno ze zdravotn\u00edho poji\u0161t\u011bn\u00ed).<\/p>\n","protected":false},"excerpt":{"rendered":"<p>Nep\u0159\u00edtomnosti: Zastupuje Dr. Andr\u00fdsov\u00e1 &#8211; Ostrom\u011b\u0159 (T. G. Masaryka 265) Tel. 607 076 480 V na\u0161\u00ed ordinaci o\u010dkujeme proti kl\u00ed\u0161\u0165ov\u00e9 encefalitid\u011b. Pro klienty nad 50 let je toto o\u010dkov\u00e1n\u00ed ZDARMA (pln\u011b hrazeno ze zdravotn\u00edho poji\u0161t\u011bn\u00ed).<\/p>\n","protected":false},"author":1,"featured_media":0,"parent":0,"menu_order":0,"comment_status":"closed","ping_status":"closed","template":"","meta":{"footnotes":""},"class_list":["post-93","page","type-page","status-publish","hentry"],"_links":{"self":[{"href":"https:\/\/www.lekar-horice.cz\/index.php?rest_route=\/wp\/v2\/pages\/93","targetHints":{"allow":["GET"]}}],"collection":[{"href":"https:\/\/www.lekar-horice.cz\/index.php?rest_route=\/wp\/v2\/pages"}],"about":[{"href":"https:\/\/www.lekar-horice.cz\/index.php?rest_route=\/wp\/v2\/types\/page"}],"author":[{"embeddable":true,"href":"https:\/\/www.lekar-horice.cz\/index.php?rest_route=\/wp\/v2\/users\/1"}],"replies":[{"embeddable":true,"href":"https:\/\/www.lekar-horice.cz\/index.php?rest_route=%2Fwp%2Fv2%2Fcomments&post=93"}],"version-history":[{"count":33,"href":"https:\/\/www.lekar-horice.cz\/index.php?rest_route=\/wp\/v2\/pages\/93\/revisions"}],"predecessor-version":[{"id":285,"href":"https:\/\/www.lekar-horice.cz\/index.php?rest_route=\/wp\/v2\/pages\/93\/revisions\/285"}],"wp:attachment":[{"href":"https:\/\/www.lekar-horice.cz\/index.php?rest_route=%2Fwp%2Fv2%2Fmedia&parent=93"}],"curies":[{"name":"wp","href":"https:\/\/api.w.org\/{rel}","templated":true}]}}